{"id":2646,"date":"2020-12-10T15:19:00","date_gmt":"2020-12-10T14:19:00","guid":{"rendered":"http:\/\/bodycult.datentraeger.at\/bodycult_wp\/?page_id=2646"},"modified":"2024-04-24T11:15:17","modified_gmt":"2024-04-24T09:15:17","slug":"piercing-2","status":"publish","type":"page","link":"http:\/\/body-cult.at\/?page_id=2646","title":{"rendered":"Piercing"},"content":{"rendered":"<ol>\n<li aria-current=\"page\">Home<\/li>\n<\/ol>\n<h1>Piercing<\/h1>\n<h2>Piercen auf h\u00f6chstem Niveau<\/h2>\n<p>Piercings und Tattoos &#8211; diese beiden Arten des K\u00f6rperschmucks sind seit jeher eng miteinander verbunden. Denn wie eine Bemalung verschafft auch das Piercing seinem Tr\u00e4ger Individualit\u00e4t. Die M\u00f6glichkeiten beim Piercen sind vielf\u00e4ltig, da sich eigentlich der gesamte K\u00f6rper daf\u00fcr eignet.<\/p>\n<h4>Hygiene<\/h4>\n<p>Wir verwenden die modernsten Methoden, um das Gesundheitsrisiko so gering wie m\u00f6glich zu halten. Dazu sterilisieren wir unsere Ger\u00e4tschaften in einem Autoklaven. Dies ist die effizienteste Methode, um Viren jeder Art abzut\u00f6ten. Unser Studio ist nat\u00fcrlich Standard gepr\u00fcft und entspricht allen Paragrafen des BGBL Nr. 194. Au\u00dferdem entsprechen wir allen Anforderungen der \u00d6NORM Nr. 2104 und Verordnung des Bundesministeriums f\u00fcr Tattoo &amp; Piercing.<\/p>\n<p>Wir piercen von Montag bis Freitag von 11-19 Uhr und Samstag von 10:00-18:00 Uhr. Um unn\u00f6tige Wartezeiten zu vermeiden, kannst du dir telefonisch einen Termin vereinbaren. Wir machen alle Arten von Piercings, einschlie\u00dflich Intim Piercings bei M\u00e4nnern und Frauen.<\/p>\n<h3>Was du<br \/>\nwissen solltest<\/h3>\n<p>Bist du zwischen <strong>14 &#8211; 15,9<\/strong> Jahren, musst du in Begleitung eines Erziehungsberechtigten kommen.<\/p>\n<p>Bist du zwischen <strong>16 &#8211; 18<\/strong> Jahren, brauchst du eine schriftliche Einwilligung eines Erziehungsberechtigten.<\/p>\n<p>Intim und Brustwarzen Piercings werden erst ab dem 18ten Lebensjahr gestochen.<\/p>\n<h6>Preise inkl. Schmuck<\/h6>\n<h2>Preisliste Piercing<\/h2>\n<h2>Kopf Bereich<\/h2>\n<ul>\n<li><img src=\"http:\/\/body-cult.at\/wp-content\/uploads\/2021\/01\/25.jpg\" alt=\"25\" \/><br \/>\n<h5>Nostril<\/h5>\n<p>48 \u20ac<\/li>\n<li><img src=\"http:\/\/body-cult.at\/wp-content\/uploads\/2021\/01\/26.jpg\" alt=\"26\" \/><br \/>\n<h5>Lippenb\u00e4ndchen<\/h5>\n<p>58 \u20ac<\/li>\n<li><img loading=\"lazy\" class=\"\" src=\"http:\/\/body-cult.at\/wp-content\/uploads\/2021\/01\/44.jpg\" alt=\"44\" width=\"130\" height=\"131\" \/><br \/>\n<h5>Augenbraue<\/h5>\n<p>63 \u20ac<\/li>\n<li><img src=\"http:\/\/body-cult.at\/wp-content\/uploads\/2021\/01\/20.jpg\" alt=\"20\" \/><br \/>\n<h5>Septum<\/h5>\n<p>63 \u20ac<\/li>\n<li><img loading=\"lazy\" class=\"\" src=\"http:\/\/body-cult.at\/wp-content\/uploads\/2021\/01\/27.jpg\" alt=\"27\" width=\"132\" height=\"132\" \/><br \/>\n<h5>Bridge<\/h5>\n<p>93 \u20ac<\/li>\n<li><img loading=\"lazy\" class=\"\" src=\"http:\/\/body-cult.at\/wp-content\/uploads\/2021\/01\/24.jpg\" alt=\"24\" width=\"140\" height=\"140\" \/><br \/>\n<h5>Zunge<\/h5>\n<p>68 \u20ac<\/li>\n<li><img loading=\"lazy\" class=\"\" src=\"http:\/\/body-cult.at\/wp-content\/uploads\/2021\/01\/22.jpg\" alt=\"22\" width=\"153\" height=\"153\" \/><br \/>\n<h5>Zungenb\u00e4ndchen<\/h5>\n<p>88 \u20ac<\/li>\n<li><img loading=\"lazy\" class=\"\" src=\"http:\/\/body-cult.at\/wp-content\/uploads\/2021\/01\/23.jpg\" alt=\"23\" width=\"159\" height=\"159\" \/><br \/>\n<h5>Snake Eyes<\/h5>\n<p>88 \u20ac<\/li>\n<li><img loading=\"lazy\" class=\"\" src=\"http:\/\/body-cult.at\/wp-content\/uploads\/2021\/01\/22.jpg\" alt=\"22\" width=\"154\" height=\"154\" \/><br \/>\n<h5>Scoop<\/h5>\n<p>88 \u20ac<\/li>\n<\/ul>\n<h2>K\u00f6rper Bereich<\/h2>\n<ul>\n<li><img loading=\"lazy\" class=\"\" src=\"http:\/\/body-cult.at\/wp-content\/uploads\/2021\/01\/bau.jpg\" alt=\"bau\" width=\"155\" height=\"155\" \/><br \/>\n<h5>Bauchnabel<\/h5>\n<p>63 \u20ac<\/li>\n<li><img loading=\"lazy\" class=\"\" src=\"http:\/\/body-cult.at\/wp-content\/uploads\/2021\/01\/rfw.jpg\" alt=\"rfw\" width=\"161\" height=\"163\" \/><br \/>\n<h5>alle Surface<\/h5>\n<p>70 \u20ac<\/li>\n<li><img loading=\"lazy\" class=\"\" src=\"http:\/\/body-cult.at\/wp-content\/uploads\/2021\/01\/dfg.jpg\" alt=\"dfg\" width=\"163\" height=\"163\" \/><br \/>\n<h5>Brustwarze<\/h5>\n<p>68 \u20ac<\/li>\n<li><img loading=\"lazy\" class=\"\" src=\"http:\/\/body-cult.at\/wp-content\/uploads\/2021\/01\/Download.jpg\" alt=\"Download\" width=\"177\" height=\"174\" \/><br \/>\n<h5>alle Intim<\/h5>\n<p>95 \u20ac<\/li>\n<\/ul>\n<h2>Lippen Bereich<\/h2>\n<ul>\n<li><img src=\"http:\/\/body-cult.at\/wp-content\/uploads\/2021\/01\/14.jpg\" alt=\"14\" \/><br \/>\n<h5>Eskimo<\/h5>\n<p>63 \u20ac<\/li>\n<li><img src=\"http:\/\/body-cult.at\/wp-content\/uploads\/2021\/01\/17.jpg\" alt=\"17\" \/><br \/>\n<h5>Labret<\/h5>\n<p>63 \u20ac<\/li>\n<li><img src=\"http:\/\/body-cult.at\/wp-content\/uploads\/2021\/01\/18.jpg\" alt=\"18\" \/><br \/>\n<h5>Madonna<\/h5>\n<p>63 \u20ac<\/li>\n<li><img src=\"http:\/\/body-cult.at\/wp-content\/uploads\/2021\/01\/13.jpg\" alt=\"13\" \/><br \/>\n<h5>Medusa<\/h5>\n<p>63 \u20ac<\/li>\n<li><img src=\"http:\/\/body-cult.at\/wp-content\/uploads\/2021\/01\/21.jpg\" alt=\"21\" \/><br \/>\n<h5>Ashley<\/h5>\n<p>63 \u20ac<\/li>\n<li><img src=\"http:\/\/body-cult.at\/wp-content\/uploads\/2021\/01\/19.jpg\" alt=\"19\" \/><br \/>\n<h5>Monroe<\/h5>\n<p>63 \u20ac<\/li>\n<li><img src=\"http:\/\/body-cult.at\/wp-content\/uploads\/2021\/01\/16.jpg\" alt=\"16\" \/><br \/>\n<h5>Snakebites<\/h5>\n<p>113 \u20ac<\/li>\n<li>\n<h5>Cheeks<\/h5>\n<p>113 \u20ac<\/li>\n<li>\n<h5>Sharkbites<\/h5>\n<p>193 \u20ac<\/li>\n<\/ul>\n<h2>Sonstiges<\/h2>\n<ul>\n<li><img src=\"http:\/\/body-cult.at\/wp-content\/uploads\/2021\/01\/rtr.jpg\" alt=\"rtr\" \/><br \/>\n<h5>Stecker k\u00fcrzen<\/h5>\n<p>9 \u20ac<\/li>\n<li><img src=\"http:\/\/body-cult.at\/wp-content\/uploads\/2021\/01\/ioo.jpg\" alt=\"ioo\" \/><br \/>\n<h5>Fremdschmuck wechseln<\/h5>\n<p>10 \u20ac<\/li>\n<li><img src=\"http:\/\/body-cult.at\/wp-content\/uploads\/2022\/01\/09261908-prontolind-piercing-spray-1.jpg\" alt=\"\" \/><br \/>\n<h5>Prontolind Spray<\/h5>\n<p>9 \u20ac<\/li>\n<li>\n<h5>Schmuckwechsel<\/h5>\n<p>ab 9 \u20ac<\/li>\n<li>\n<h5>Wasserstoffbehandlung<\/h5>\n<p>10 &#8211; 20\u20ac<\/li>\n<li>\n<h5>Dehnen<\/h5>\n<p>10 \u20ac<\/li>\n<\/ul>\n<h2>Ohr Bereich<\/h2>\n<ul>\n<li><img src=\"http:\/\/body-cult.at\/wp-content\/uploads\/2021\/01\/1.jpg\" alt=\"1\" \/><br \/>\n<h5>Lobe<\/h5>\n<p>33 \u20ac<\/li>\n<li><img src=\"http:\/\/body-cult.at\/wp-content\/uploads\/2021\/01\/2.jpg\" alt=\"2\" \/><br \/>\n<h5>Helix<\/h5>\n<p>33 \u20ac<\/li>\n<li><img src=\"http:\/\/body-cult.at\/wp-content\/uploads\/2021\/01\/3.jpg\" alt=\"3\" \/><br \/>\n<h5>Tragus<\/h5>\n<p>43 \u20ac<\/li>\n<li><img src=\"http:\/\/body-cult.at\/wp-content\/uploads\/2021\/01\/5.jpg\" alt=\"5\" \/><br \/>\n<h5>Anti Tragus<\/h5>\n<p>58 \u20ac<\/li>\n<li><img src=\"http:\/\/body-cult.at\/wp-content\/uploads\/2021\/01\/10.jpg\" alt=\"10\" \/><br \/>\n<h5>Snug<\/h5>\n<p>58 \u20ac<\/li>\n<li><img src=\"http:\/\/body-cult.at\/wp-content\/uploads\/2021\/01\/6.jpg\" alt=\"6\" \/><br \/>\n<h5>Forward Helix<\/h5>\n<p>58 \u20ac<\/li>\n<li><img src=\"http:\/\/body-cult.at\/wp-content\/uploads\/2021\/01\/7.jpg\" alt=\"7\" \/><br \/>\n<h5>Conch<\/h5>\n<p>58 \u20ac<\/li>\n<li><img src=\"http:\/\/body-cult.at\/wp-content\/uploads\/2021\/01\/8.jpg\" alt=\"8\" \/><br \/>\n<h5>Rook<\/h5>\n<p>58 \u20ac<\/li>\n<li><img src=\"http:\/\/body-cult.at\/wp-content\/uploads\/2021\/01\/9.jpg\" alt=\"9\" \/><br \/>\n<h5>Daith<\/h5>\n<p>58 \u20ac<\/li>\n<li><img src=\"http:\/\/body-cult.at\/wp-content\/uploads\/2021\/01\/4.jpg\" alt=\"4\" \/><br \/>\n<h5>Industrial<\/h5>\n<p>63 \u20ac<\/li>\n<\/ul>\n<h2>Im Preis enthalten<\/h2>\n<p id=\"fprs\" role=\"heading\" aria-level=\"3\">\u2661 Steriler Erstschmuck aus Titan<\/p>\n<p role=\"heading\" aria-level=\"3\">\u2661 Beratung<\/p>\n<p role=\"heading\" aria-level=\"3\">\u2661 Pflegeanleitung<\/p>\n<p role=\"heading\" aria-level=\"3\">\u2661 Kontrolltermin<\/p>\n<p role=\"heading\" aria-level=\"3\">\u2661 Alle Preise inkl. 20% mwst.<\/p>\n<blockquote><p>&#8222;Der einzige Mann, der mir weh tun darf, ist mein Piercer&#8220;<\/p>\n<footer><cite>Jaqueline Chantal<\/cite><\/footer>\n<\/blockquote>\n<h2>Piercing Galerie<\/h2>\n<p>Piercing<\/p>\n<style>.elementor-257 .elementor-element.elementor-element-acf5d0e{--image-transition-duration:800ms;--overlay-transition-duration:800ms;--content-text-align:center;--content-padding:20px;--content-transition-duration:800ms;--content-transition-delay:800ms;}.elementor-257 .elementor-element.elementor-element-acf5d0e .e-gallery-item:hover .elementor-gallery-item__overlay{background-color:rgba(0,0,0,0.5);}.elementor-257 .elementor-element.elementor-element-acf5d0e > .tippy-popper .tippy-tooltip .tippy-content{text-align:center;}@media(max-width:767px){.elementor-257 .elementor-element.elementor-element-7828050 > .elementor-element-populated{margin:0px 0px 0px 0px;padding:0px 0px 0px 0px;}.elementor-257 .elementor-element.elementor-element-7a455f1{padding:0px 30px 0px 30px;}}<\/style>\n<section data-id=\"7a455f1\" data-element_type=\"section\"><\/section>\n","protected":false},"excerpt":{"rendered":"<p>Home Piercing Piercen auf h\u00f6chstem Niveau Piercings und Tattoos &#8211; diese beiden Arten des K\u00f6rperschmucks sind seit jeher eng miteinander verbunden. Denn wie eine Bemalung verschafft auch das Piercing seinem Tr\u00e4ger Individualit\u00e4t. Die M\u00f6glichkeiten beim Piercen sind vielf\u00e4ltig, da sich eigentlich der gesamte K\u00f6rper daf\u00fcr eignet. Hygiene Wir verwenden die modernsten Methoden, um das Gesundheitsrisiko [&hellip;]<\/p>\n","protected":false},"author":1,"featured_media":0,"parent":0,"menu_order":0,"comment_status":"closed","ping_status":"closed","template":"elementor_header_footer","meta":[],"_links":{"self":[{"href":"http:\/\/body-cult.at\/index.php?rest_route=\/wp\/v2\/pages\/2646"}],"collection":[{"href":"http:\/\/body-cult.at\/index.php?rest_route=\/wp\/v2\/pages"}],"about":[{"href":"http:\/\/body-cult.at\/index.php?rest_route=\/wp\/v2\/types\/page"}],"author":[{"embeddable":true,"href":"http:\/\/body-cult.at\/index.php?rest_route=\/wp\/v2\/users\/1"}],"replies":[{"embeddable":true,"href":"http:\/\/body-cult.at\/index.php?rest_route=%2Fwp%2Fv2%2Fcomments&post=2646"}],"version-history":[{"count":278,"href":"http:\/\/body-cult.at\/index.php?rest_route=\/wp\/v2\/pages\/2646\/revisions"}],"predecessor-version":[{"id":7569,"href":"http:\/\/body-cult.at\/index.php?rest_route=\/wp\/v2\/pages\/2646\/revisions\/7569"}],"wp:attachment":[{"href":"http:\/\/body-cult.at\/index.php?rest_route=%2Fwp%2Fv2%2Fmedia&parent=2646"}],"curies":[{"name":"wp","href":"https:\/\/api.w.org\/{rel}","templated":true}]}}