{"id":172,"date":"2020-02-09T09:03:56","date_gmt":"2020-02-09T08:03:56","guid":{"rendered":"https:\/\/jupiterx.artbees.net\/tattoo\/?page_id=172"},"modified":"2023-07-31T18:13:35","modified_gmt":"2023-07-31T16:13:35","slug":"tatto","status":"publish","type":"page","link":"http:\/\/body-cult.at\/?page_id=172","title":{"rendered":"Tattoo"},"content":{"rendered":"<ol>\n<li aria-current=\"page\">Home<\/li>\n<\/ol>\n<h1>Tattoo<\/h1>\n<h2>Alles zum Tattoo Service<\/h2>\n<h5>Stil, Motiv &amp; Design<\/h5>\n<p>Von Oldschool bis Floral, Japanisch oder Realistic? Was darf es f\u00fcr dich sein?<br \/>\nEs gibt viele verschiedene Stilrichtungen und M\u00f6glichkeiten. Auch das Motiv ist entscheidend. Ein L\u00f6we, Schrift oder doch ein Totenkopf?<\/p>\n<p>Diese Fragen solltest du dir stellen:<br \/>\n\u2764 Auf welcher K\u00f6rperstelle m\u00f6chte ich ein Tattoo?<br \/>\n\u2764 In welchem Stil m\u00f6chte ich es haben?<br \/>\n\u2764 Und welches Motiv?<\/p>\n<p>Deswegen gilt: Think before you ink! Bist du dir noch unschl\u00fcssig was dir gef\u00e4llt? Wenn du weiterscrollst findest du ein paar verschiedene Stilrichtungen mit Tattoos unserer K\u00fcnstler, die dir bestimmt helfen werden, dich zu entscheiden.<\/p>\n<h5>Wie bekomme ich einen Termin?<\/h5>\n<p>Wir freuen uns, wenn du pers\u00f6nlich bei uns im Studio vorbeikommst, um dir einen Termin zu sichern und dich beraten zu lassen.<br \/>\nEs ist leider <strong>nicht<\/strong> m\u00f6glich, \u00fcber unsere Website, per E-Mail oder telefonisch einen Termin zu vereinbaren, da jedes Tattoo individuell ist. Wir beantworten <strong>keine<\/strong> Preisanfragen per Mail oder Social Media aber wir beraten dich gerne vor Ort im Studio.<\/p>\n<p>Bei der Terminvereinbarung ist eine Anzahlung von<br \/>\n80 \u20ac bis 150 \u20ac zu leisten, diese ist nur in Barzahlung m\u00f6glich.<\/p>\n<p>Unsere T\u00e4towierer sind professionelle K\u00fcnstler, mit eigenen Arbeitsschwerpunkten und Motiven &#8211; und auch mit eigenen lieblings Arbeiten. Daher findest, wenn du weiter scrollst einen kleinen Auszug der Tattoos der jeweiligen K\u00fcnstler. Au\u00dferdem kannst du einzelne Arbeiten unserer K\u00fcnstler auch unter Team einsehen.<\/p>\n<p><a role=\"button\"><br \/>\nTeam<br \/>\n<\/a><\/p>\n<p>Das Wort T\u00e4towierung leitet sich von Tatauierung (polynesisch Tatau = Zeichen) ab. W\u00e4hrend fr\u00fcher mit Dorn, Nadeln und Tatauierk\u00e4mmen und Asche bzw. Farben aus Pflanzenextrakten K\u00f6rper verziert wurden, wird dazu heute ein elektrisches Ger\u00e4t benutzt, das mit einer Frequenz von 50 bis 3000 Schwingungen in der Minute senkrecht vibriert. Die Farbe wird dabei bis in die zweite Hautschicht, die Dermis eingebracht. Dabei kann die Tiefe der Einstiche genau der Hautdichte angepasst und eingestellt werden.<\/p>\n<h2>Tattoo Galeri<\/h2>\n<p><img loading=\"lazy\" src=\"http:\/\/body-cult.at\/wp-content\/uploads\/2021\/02\/final-1-500x500.jpg\" sizes=\"(max-width: 500px) 100vw, 500px\" srcset=\"http:\/\/body-cult.at\/wp-content\/uploads\/2021\/02\/final-1-500x500.jpg 500w, http:\/\/body-cult.at\/wp-content\/uploads\/2021\/02\/final-1-150x150.jpg 150w\" alt=\"\" width=\"500\" height=\"500\" \/><\/p>\n<h5>Etwas sch\u00fcchtern?<\/h5>\n<p>Jeder unserer T\u00e4towierer hat seinen eigenen Arbeitsbereich.<br \/>\nAlle R\u00e4ume sind separat abgeteilt.<br \/>\nDas wahrt die Privatsph\u00e4re und auch Tattoos auf<br \/>\nprivaten K\u00f6rperstellen sind kein Problem.<\/p>\n<blockquote><p>&#8222;Das sind keine Tattoos. Ich bin nur dreckig&#8220;<\/p>\n<footer><cite>Hans Peter <\/cite><\/footer>\n<\/blockquote>\n<h2>H\u00e4ufig gestellte Fragen<\/h2>\n<p><a>Kann ich einfach im Studio vorbei schauen um einen Tattoo Termin zu vereinbaren?<\/a><\/p>\n<p>Ja klar! Du kannst jederzeit w\u00e4hrend unserer \u00d6ffnungszeiten, ohne Voranmeldung, bei uns im Studio vorbei schauen. Nimm deine Wunschmotive mit und wir besprechen alle Details.<\/p>\n<p><a>Kann ich telefonisch oder per Mail einen Termin vereinbaren?<\/a><\/p>\n<p>Nein, jedes Tattoo ist individuell und um alle Details und W\u00fcnsche zu besprechen musst du bitte ins Studio schauen. Je nach deinem Wunschmotiv suchen wir zeitlich einen passenden Termin. Dar\u00fcber hinaus sollten wir das Tattoo dem K\u00f6rper bzw. der Stelle Gr\u00f6\u00dfentechnisch anpassen.<br \/>\nAu\u00dferdem ist eine Anzahlung f\u00fcr deinen Termin in Bar zu leisten.<\/p>\n<p><a>Warum muss man eine Anzahlung leisten und wieviel ?<\/a><\/p>\n<p>Die Anzahlung dient uns als Terminsicherheit und wird dir nach dem T\u00e4towieren vom Gesamtbetrag abgerechnet.<br \/>\nDie Anzahlung kann zwischen 80\u20ac und 150\u20ac betragen.<\/p>\n<p><a>Wie sind eure Preise?<\/a><\/p>\n<p>Tattoo Preise beginnen ab 80 \u20ac bis aufw\u00e4rts je nach Motiv, Gr\u00f6\u00dfe, Aufwand und Tattoostil. F\u00fcr genaue Ausk\u00fcnfte schau bei uns im Studio vorbei.<\/p>\n<p><a>Kann ich ein Foto schicken und ihr sagt mir den Preis f\u00fcr das Tattoo?<\/a><\/p>\n<p>Leider ist eine seri\u00f6se Preisauskunft anhand eines Fotos nicht akkurat zu beantworten. Deswegen musst du ins Studio schauen, damit wir Details wie K\u00f6rperstelle und Gr\u00f6\u00dfe besprechen k\u00f6nnen. Au\u00dferdem ist die Statur bei jedem anders und so auch der Preis.<\/p>\n<p><a>Wann habt ihr denn Termine frei?<\/a><\/p>\n<p>Diese Frage ist nicht so einfach zu beantworten. Da wir mehrere T\u00e4towierer haben und\u00a0 je nachdem was f\u00fcr ein Motiv du m\u00f6chtest und die L\u00e4nge des ben\u00f6tigten Tattoo Termins ist es ganz verschieden. Diese Frage k\u00f6nnen wir dir erst beantworten, wenn du im Studio bist, wir dein Motiv sehen, alle deine Details besprechen und wissen auf welche K\u00f6rperstelle es kommt.<\/p>\n<p><a>K\u00f6nnt ihr mir das vorher Zeichnen?<\/a><\/p>\n<p>N\u00f6, das Motiv wird bei deinem T\u00e4towier Termin erst gezeichnet nachdem du mit deinem T\u00e4towierer \u00fcber das Motiv gesprochen hast.<br \/>\nIn seltenen Einzelf\u00e4llen wird ein Motiv vorher gezeichnet aber nur nach Absprache und geleisteter Anzahlung.<\/p>\n<p><a>Ist es Schmerzhaft?<\/a><\/p>\n<p>Jaein! Jede Person hat ein anderes Schmerzempfinden. Auch die K\u00f6rperstelle ist bei jedem anders empfindlich. Deswegen ist die Frage relativ und sehr schwer zu beantworten.<\/p>\n<p><a>Kann ich meinen Termin verschieben?<\/a><\/p>\n<p>Ja nat\u00fcrlich. Ruf einfach daf\u00fcr im Studio an und wir suchen einen neuen passenden Termin f\u00fcr dich raus. (Bitte nicht per Mail oder Social Media). Terminverschiebungen sollten aber bitte <strong>mindestens 3 Tage vor deinem Termin<\/strong> stattfinden. Da wir bei kurzfristiger Verschiebung, Vers\u00e4umnis oder Absage die Anzahlung einbehalten und nicht R\u00fcckerstatten.<\/p>\n<p><a>Bekomme ich mein Geld zur\u00fcck wenn ich meinen Termin nicht mehr m\u00f6chte?<\/a><\/p>\n<p>Leider nein. Da wir das Geld am selbigen Tag verbuchen ist eine R\u00fcckerstattung nicht m\u00f6glich. In Ausnahmef\u00e4llen stellen wir einen Gutschein aus.<\/p>\n","protected":false},"excerpt":{"rendered":"<p>Home Tattoo Alles zum Tattoo Service Stil, Motiv &amp; Design Von Oldschool bis Floral, Japanisch oder Realistic? Was darf es f\u00fcr dich sein? Es gibt viele verschiedene Stilrichtungen und M\u00f6glichkeiten. Auch das Motiv ist entscheidend. Ein L\u00f6we, Schrift oder doch ein Totenkopf? Diese Fragen solltest du dir stellen: \u2764 Auf welcher K\u00f6rperstelle m\u00f6chte ich ein [&hellip;]<\/p>\n","protected":false},"author":1,"featured_media":0,"parent":0,"menu_order":0,"comment_status":"closed","ping_status":"closed","template":"full-width.php","meta":[],"_links":{"self":[{"href":"http:\/\/body-cult.at\/index.php?rest_route=\/wp\/v2\/pages\/172"}],"collection":[{"href":"http:\/\/body-cult.at\/index.php?rest_route=\/wp\/v2\/pages"}],"about":[{"href":"http:\/\/body-cult.at\/index.php?rest_route=\/wp\/v2\/types\/page"}],"author":[{"embeddable":true,"href":"http:\/\/body-cult.at\/index.php?rest_route=\/wp\/v2\/users\/1"}],"replies":[{"embeddable":true,"href":"http:\/\/body-cult.at\/index.php?rest_route=%2Fwp%2Fv2%2Fcomments&post=172"}],"version-history":[{"count":663,"href":"http:\/\/body-cult.at\/index.php?rest_route=\/wp\/v2\/pages\/172\/revisions"}],"predecessor-version":[{"id":7469,"href":"http:\/\/body-cult.at\/index.php?rest_route=\/wp\/v2\/pages\/172\/revisions\/7469"}],"wp:attachment":[{"href":"http:\/\/body-cult.at\/index.php?rest_route=%2Fwp%2Fv2%2Fmedia&parent=172"}],"curies":[{"name":"wp","href":"https:\/\/api.w.org\/{rel}","templated":true}]}}